{"id":97,"date":"2024-02-18T17:18:27","date_gmt":"2024-02-18T16:18:27","guid":{"rendered":"https:\/\/alexhantari.it\/?page_id=97"},"modified":"2024-04-19T11:36:40","modified_gmt":"2024-04-19T09:36:40","slug":"biografia","status":"publish","type":"page","link":"https:\/\/alexhantari.it\/index.php\/biografia\/","title":{"rendered":"Biografia"},"content":{"rendered":"<h1 class=\"wp-block-heading has-text-align-center\" style=\"margin-top:var(--wp--preset--spacing--80);margin-bottom:var(--wp--preset--spacing--80)\">Biografia<\/h1><div class=\"wp-block-columns is-layout-flex wp-container-core-columns-is-layout-28f84493 wp-block-columns-is-layout-flex rbc-is-hidden-on-wide rbc-is-hidden-on-desktop\"><div class=\"wp-block-column is-layout-flow wp-block-column-is-layout-flow\"><figure class=\"wp-block-image size-large\"><img decoding=\"async\" width=\"1024\" height=\"1024\" src=\"https:\/\/alexhantari.it\/wp-content\/uploads\/2024\/02\/Biografia-1-1024x1024.jpg\" alt=\"Biografia-1\" class=\"wp-image-607\" srcset=\"https:\/\/alexhantari.it\/wp-content\/uploads\/2024\/02\/Biografia-1-1024x1024.jpg 1024w, https:\/\/alexhantari.it\/wp-content\/uploads\/2024\/02\/Biografia-1-300x300.jpg 300w, https:\/\/alexhantari.it\/wp-content\/uploads\/2024\/02\/Biografia-1-100x100.jpg 100w, https:\/\/alexhantari.it\/wp-content\/uploads\/2024\/02\/Biografia-1-600x601.jpg 600w, https:\/\/alexhantari.it\/wp-content\/uploads\/2024\/02\/Biografia-1-150x150.jpg 150w, https:\/\/alexhantari.it\/wp-content\/uploads\/2024\/02\/Biografia-1-768x769.jpg 768w, https:\/\/alexhantari.it\/wp-content\/uploads\/2024\/02\/Biografia-1.jpg 1199w\" sizes=\"(max-width: 1024px) 100vw, 1024px\" \/><\/figure><\/div>\n\n<div class=\"wp-block-column is-layout-flow wp-block-column-is-layout-flow\"><p class=\"has-medium-font-size\">Alex Hantari \u00e8 uno spirito libero che ha la strada nel proprio DNA e questo gli da la genuina possibilit\u00e0 di catturare l&#8217;essenza e il sapore e i traumi della vita attraverso le sue fotografie. Non c&#8217;\u00e8 mai niente di banale, osserva ed immortala i minimi particolari di un&#8217;esistenza estromessa e solitaria, dando valore a ci\u00f2 che potrebbe divenire se realmente valorizzata oppure raccontando ci\u00f2 che \u00e8 stata attraverso le sue sfaccettature.<\/p><\/div><\/div><div class=\"wp-block-columns is-layout-flex wp-container-core-columns-is-layout-28f84493 wp-block-columns-is-layout-flex rbc-is-hidden-on-wide rbc-is-hidden-on-desktop\"><div class=\"wp-block-column is-layout-flow wp-block-column-is-layout-flow\"><figure class=\"wp-block-image size-large\"><img decoding=\"async\" width=\"1024\" height=\"1024\" src=\"https:\/\/alexhantari.it\/wp-content\/uploads\/2024\/02\/Biografia-4-1024x1024.jpg\" alt=\"Biografia-4\" class=\"wp-image-610\" srcset=\"https:\/\/alexhantari.it\/wp-content\/uploads\/2024\/02\/Biografia-4-1024x1024.jpg 1024w, https:\/\/alexhantari.it\/wp-content\/uploads\/2024\/02\/Biografia-4-300x300.jpg 300w, https:\/\/alexhantari.it\/wp-content\/uploads\/2024\/02\/Biografia-4-100x100.jpg 100w, https:\/\/alexhantari.it\/wp-content\/uploads\/2024\/02\/Biografia-4-600x600.jpg 600w, https:\/\/alexhantari.it\/wp-content\/uploads\/2024\/02\/Biografia-4-150x150.jpg 150w, https:\/\/alexhantari.it\/wp-content\/uploads\/2024\/02\/Biografia-4-768x768.jpg 768w, https:\/\/alexhantari.it\/wp-content\/uploads\/2024\/02\/Biografia-4.jpg 1080w\" sizes=\"(max-width: 1024px) 100vw, 1024px\" \/><\/figure><\/div>\n\n<div class=\"wp-block-column is-layout-flow wp-block-column-is-layout-flow\"><p class=\"has-medium-font-size\">Dalle sue fotografie si percepisce immediatamente un mix di emozioni tali da coinvolgere totalmente chi le sta guardando. La sua mente \u00e8 colma di idee e quando incontra il concreto si instaura un&#8217;armonia cromatica, una potenza creativa che si scatena senza ostacoli e senza limitazioni. Ogni dettaglio, ogni luce e ombra e ogni persona ritratta comunica qualsiasi cosa si voglia rilevare. Il significato \u00e8 soggettivo, mai studiato. Alex segue sempre il proprio istinto. Lui non vede, lui immagina. Crea l&#8217;impercettibile.<br>Fotografare \u00e8 un modo di vivere, lo ha ben capito e lo dimostra perfettamente.<\/p><\/div><\/div><div class=\"wp-block-columns is-layout-flex wp-container-core-columns-is-layout-28f84493 wp-block-columns-is-layout-flex rbc-is-hidden-on-mobile rbc-is-hidden-on-tablet\"><div class=\"wp-block-column is-layout-flow wp-block-column-is-layout-flow\"><p style=\"font-size:1.6rem;line-height:1.7\">Alex Hantari \u00e8 uno spirito libero che ha la strada nel proprio DNA e questo gli da la genuina possibilit\u00e0 di catturare l&#8217;essenza e il sapore e i traumi della vita attraverso le sue fotografie.<\/p><\/div>\n\n<div class=\"wp-block-column is-layout-flow wp-block-column-is-layout-flow\"><figure class=\"wp-block-image size-large\"><img decoding=\"async\" width=\"1024\" height=\"1024\" src=\"https:\/\/alexhantari.it\/wp-content\/uploads\/2024\/02\/Biografia-1-1024x1024.jpg\" alt=\"Biografia-1\" class=\"wp-image-607\" srcset=\"https:\/\/alexhantari.it\/wp-content\/uploads\/2024\/02\/Biografia-1-1024x1024.jpg 1024w, https:\/\/alexhantari.it\/wp-content\/uploads\/2024\/02\/Biografia-1-300x300.jpg 300w, https:\/\/alexhantari.it\/wp-content\/uploads\/2024\/02\/Biografia-1-100x100.jpg 100w, https:\/\/alexhantari.it\/wp-content\/uploads\/2024\/02\/Biografia-1-600x601.jpg 600w, https:\/\/alexhantari.it\/wp-content\/uploads\/2024\/02\/Biografia-1-150x150.jpg 150w, https:\/\/alexhantari.it\/wp-content\/uploads\/2024\/02\/Biografia-1-768x769.jpg 768w, https:\/\/alexhantari.it\/wp-content\/uploads\/2024\/02\/Biografia-1.jpg 1199w\" sizes=\"(max-width: 1024px) 100vw, 1024px\" \/><\/figure><\/div><\/div><hr class=\"wp-block-separator has-text-color has-ast-global-color-2-color has-alpha-channel-opacity has-ast-global-color-2-background-color has-background\" style=\"margin-top:var(--wp--preset--spacing--60);margin-bottom:var(--wp--preset--spacing--60)\"\/><div class=\"wp-block-columns is-layout-flex wp-container-core-columns-is-layout-28f84493 wp-block-columns-is-layout-flex rbc-is-hidden-on-tablet rbc-is-hidden-on-mobile\"><div class=\"wp-block-column is-layout-flow wp-block-column-is-layout-flow\"><figure class=\"wp-block-image size-full\"><img decoding=\"async\" width=\"955\" height=\"960\" src=\"https:\/\/alexhantari.it\/wp-content\/uploads\/2024\/02\/Biografia-2.jpg\" alt=\"Biografia-2\" class=\"wp-image-608\" srcset=\"https:\/\/alexhantari.it\/wp-content\/uploads\/2024\/02\/Biografia-2.jpg 955w, https:\/\/alexhantari.it\/wp-content\/uploads\/2024\/02\/Biografia-2-100x100.jpg 100w, https:\/\/alexhantari.it\/wp-content\/uploads\/2024\/02\/Biografia-2-600x603.jpg 600w, https:\/\/alexhantari.it\/wp-content\/uploads\/2024\/02\/Biografia-2-298x300.jpg 298w, https:\/\/alexhantari.it\/wp-content\/uploads\/2024\/02\/Biografia-2-150x150.jpg 150w, https:\/\/alexhantari.it\/wp-content\/uploads\/2024\/02\/Biografia-2-768x772.jpg 768w\" sizes=\"(max-width: 955px) 100vw, 955px\" \/><\/figure><\/div>\n\n<div class=\"wp-block-column is-layout-flow wp-block-column-is-layout-flow\"><p style=\"font-size:1.6rem;line-height:1.6\">Non c&#8217;\u00e8 mai niente di banale, osserva ed immortala i minimi particolari di un&#8217;esistenza estromessa e solitaria, dando valore a ci\u00f2 che potrebbe divenire se realmente valorizzata oppure raccontando ci\u00f2 che \u00e8 stata attraverso le sue sfaccettature.<\/p><\/div><\/div><hr class=\"wp-block-separator has-text-color has-ast-global-color-2-color has-alpha-channel-opacity has-ast-global-color-2-background-color has-background\" style=\"margin-top:var(--wp--preset--spacing--60);margin-bottom:var(--wp--preset--spacing--60)\"\/><div class=\"wp-block-columns is-layout-flex wp-container-core-columns-is-layout-28f84493 wp-block-columns-is-layout-flex rbc-is-hidden-on-tablet rbc-is-hidden-on-mobile\"><div class=\"wp-block-column is-layout-flow wp-block-column-is-layout-flow\"><p style=\"font-size:1.6rem;line-height:1.6\">Dalle sue fotografie si percepisce immediatamente un mix di emozioni tali da coinvolgere totalmente chi le sta guardando. La sua mente \u00e8 colma di idee e quando incontra il concreto si instaura un&#8217;armonia cromatica, una potenza creativa che si scatena senza ostacoli e senza limitazioni.<\/p><\/div>\n\n<div class=\"wp-block-column is-layout-flow wp-block-column-is-layout-flow\"><figure class=\"wp-block-image size-large\"><img decoding=\"async\" width=\"1024\" height=\"1024\" src=\"https:\/\/alexhantari.it\/wp-content\/uploads\/2024\/02\/Biografia-3-1024x1024.jpg\" alt=\"Biografia-3\" class=\"wp-image-609\" srcset=\"https:\/\/alexhantari.it\/wp-content\/uploads\/2024\/02\/Biografia-3-1024x1024.jpg 1024w, https:\/\/alexhantari.it\/wp-content\/uploads\/2024\/02\/Biografia-3-300x300.jpg 300w, https:\/\/alexhantari.it\/wp-content\/uploads\/2024\/02\/Biografia-3-100x100.jpg 100w, https:\/\/alexhantari.it\/wp-content\/uploads\/2024\/02\/Biografia-3-600x600.jpg 600w, https:\/\/alexhantari.it\/wp-content\/uploads\/2024\/02\/Biografia-3-150x150.jpg 150w, https:\/\/alexhantari.it\/wp-content\/uploads\/2024\/02\/Biografia-3-768x768.jpg 768w, https:\/\/alexhantari.it\/wp-content\/uploads\/2024\/02\/Biografia-3.jpg 1080w\" sizes=\"(max-width: 1024px) 100vw, 1024px\" \/><\/figure><\/div><\/div><hr class=\"wp-block-separator has-text-color has-ast-global-color-2-color has-alpha-channel-opacity has-ast-global-color-2-background-color has-background\" style=\"margin-top:var(--wp--preset--spacing--60);margin-bottom:var(--wp--preset--spacing--60)\"\/><div class=\"wp-block-columns is-layout-flex wp-container-core-columns-is-layout-28f84493 wp-block-columns-is-layout-flex rbc-is-hidden-on-tablet rbc-is-hidden-on-mobile\"><div class=\"wp-block-column is-layout-flow wp-block-column-is-layout-flow\"><figure class=\"wp-block-image size-large\"><img decoding=\"async\" width=\"1024\" height=\"1024\" src=\"https:\/\/alexhantari.it\/wp-content\/uploads\/2024\/02\/Biografia-4-1024x1024.jpg\" alt=\"Biografia-4\" class=\"wp-image-610\" srcset=\"https:\/\/alexhantari.it\/wp-content\/uploads\/2024\/02\/Biografia-4-1024x1024.jpg 1024w, https:\/\/alexhantari.it\/wp-content\/uploads\/2024\/02\/Biografia-4-300x300.jpg 300w, https:\/\/alexhantari.it\/wp-content\/uploads\/2024\/02\/Biografia-4-100x100.jpg 100w, https:\/\/alexhantari.it\/wp-content\/uploads\/2024\/02\/Biografia-4-600x600.jpg 600w, https:\/\/alexhantari.it\/wp-content\/uploads\/2024\/02\/Biografia-4-150x150.jpg 150w, https:\/\/alexhantari.it\/wp-content\/uploads\/2024\/02\/Biografia-4-768x768.jpg 768w, https:\/\/alexhantari.it\/wp-content\/uploads\/2024\/02\/Biografia-4.jpg 1080w\" sizes=\"(max-width: 1024px) 100vw, 1024px\" \/><\/figure><\/div>\n\n<div class=\"wp-block-column is-layout-flow wp-block-column-is-layout-flow\"><p style=\"font-size:1.6rem;line-height:1.6\">Ogni dettaglio, ogni luce e ombra e ogni persona ritratta comunica qualsiasi cosa si voglia rilevare. Il significato \u00e8 soggettivo, mai studiato. Alex segue sempre il proprio istinto. Lui non vede, lui immagina. Crea l&#8217;impercettibile.<br>Fotografare \u00e8 un modo di vivere, lo ha ben capito e lo dimostra perfettamente.<\/p><\/div><\/div><hr class=\"wp-block-separator has-text-color has-ast-global-color-2-color has-alpha-channel-opacity has-ast-global-color-2-background-color has-background\" style=\"margin-top:var(--wp--preset--spacing--60);margin-bottom:var(--wp--preset--spacing--60)\"\/>","protected":false},"excerpt":{"rendered":"<p>Biografia Alex Hantari \u00e8 uno spirito libero che ha la strada nel proprio DNA e questo gli da la genuina [&hellip;]<\/p>\n","protected":false},"author":1,"featured_media":0,"parent":0,"menu_order":0,"comment_status":"closed","ping_status":"closed","template":"","meta":{"site-sidebar-layout":"default","site-content-layout":"","ast-site-content-layout":"default","site-content-style":"default","site-sidebar-style":"default","ast-global-header-display":"","ast-banner-title-visibility":"","ast-main-header-display":"","ast-hfb-above-header-display":"","ast-hfb-below-header-display":"","ast-hfb-mobile-header-display":"","site-post-title":"disabled","ast-breadcrumbs-content":"","ast-featured-img":"","footer-sml-layout":"","ast-disable-related-posts":"","theme-transparent-header-meta":"","adv-header-id-meta":"","stick-header-meta":"","header-above-stick-meta":"","header-main-stick-meta":"","header-below-stick-meta":"","astra-migrate-meta-layouts":"default","ast-page-background-enabled":"default","ast-page-background-meta":{"desktop":{"background-color":"var(--ast-global-color-4)","background-image":"","background-repeat":"repeat","background-position":"center center","background-size":"auto","background-attachment":"scroll","background-type":"","background-media":"","overlay-type":"","overlay-color":"","overlay-opacity":"","overlay-gradient":""},"tablet":{"background-color":"","background-image":"","background-repeat":"repeat","background-position":"center center","background-size":"auto","background-attachment":"scroll","background-type":"","background-media":"","overlay-type":"","overlay-color":"","overlay-opacity":"","overlay-gradient":""},"mobile":{"background-color":"","background-image":"","background-repeat":"repeat","background-position":"center center","background-size":"auto","background-attachment":"scroll","background-type":"","background-media":"","overlay-type":"","overlay-color":"","overlay-opacity":"","overlay-gradient":""}},"ast-content-background-meta":{"desktop":{"background-color":"var(--ast-global-color-5)","background-image":"","background-repeat":"repeat","background-position":"center center","background-size":"auto","background-attachment":"scroll","background-type":"","background-media":"","overlay-type":"","overlay-color":"","overlay-opacity":"","overlay-gradient":""},"tablet":{"background-color":"var(--ast-global-color-5)","background-image":"","background-repeat":"repeat","background-position":"center center","background-size":"auto","background-attachment":"scroll","background-type":"","background-media":"","overlay-type":"","overlay-color":"","overlay-opacity":"","overlay-gradient":""},"mobile":{"background-color":"var(--ast-global-color-5)","background-image":"","background-repeat":"repeat","background-position":"center center","background-size":"auto","background-attachment":"scroll","background-type":"","background-media":"","overlay-type":"","overlay-color":"","overlay-opacity":"","overlay-gradient":""}},"footnotes":""},"class_list":["post-97","page","type-page","status-publish","hentry"],"_links":{"self":[{"href":"https:\/\/alexhantari.it\/index.php\/wp-json\/wp\/v2\/pages\/97","targetHints":{"allow":["GET"]}}],"collection":[{"href":"https:\/\/alexhantari.it\/index.php\/wp-json\/wp\/v2\/pages"}],"about":[{"href":"https:\/\/alexhantari.it\/index.php\/wp-json\/wp\/v2\/types\/page"}],"author":[{"embeddable":true,"href":"https:\/\/alexhantari.it\/index.php\/wp-json\/wp\/v2\/users\/1"}],"replies":[{"embeddable":true,"href":"https:\/\/alexhantari.it\/index.php\/wp-json\/wp\/v2\/comments?post=97"}],"version-history":[{"count":30,"href":"https:\/\/alexhantari.it\/index.php\/wp-json\/wp\/v2\/pages\/97\/revisions"}],"predecessor-version":[{"id":682,"href":"https:\/\/alexhantari.it\/index.php\/wp-json\/wp\/v2\/pages\/97\/revisions\/682"}],"wp:attachment":[{"href":"https:\/\/alexhantari.it\/index.php\/wp-json\/wp\/v2\/media?parent=97"}],"curies":[{"name":"wp","href":"https:\/\/api.w.org\/{rel}","templated":true}]}}